{"id":1790,"date":"2026-05-04T13:58:45","date_gmt":"2026-05-04T13:58:45","guid":{"rendered":"https:\/\/spanishwithmaite.com\/?page_id=1790"},"modified":"2026-05-04T14:01:34","modified_gmt":"2026-05-04T14:01:34","slug":"clases-de-espanol-conmigo","status":"publish","type":"page","link":"https:\/\/spanishwithmaite.com\/index.php\/clases-de-espanol-conmigo\/","title":{"rendered":"Clases de espa\u00f1ol conmigo"},"content":{"rendered":"<h2>Hablemos en espa\u00f1ol<\/h2>\n<p>Fil\u00f3loga con m\u00e1s de 20 a\u00f1os de experiencia. Especializada en niveles intermedios y avanzados: B1, B2 y C1.<\/p>\n<h3>\u00bfQu\u00e9 trabajamos juntos?<\/h3>\n<ul>\n<li><strong>Conversaci\u00f3n. <\/strong>Habla con fluidez y confianza en cualquier situaci\u00f3n<\/li>\n<li><strong>Gram\u00e1tica. <\/strong>Sin memorizar reglas, aprendiendo desde el uso real<\/li>\n<\/ul>\n<h2> \u00bfPara qui\u00e9n son estas clases?<\/h2>\n<p><em>Estas clases est\u00e1n pensadas para adultos que ya tienen una base de espa\u00f1ol y quieren dar el salto al siguiente nivel. Si est\u00e1s en B1, B2 o C1 y sientes que te has estancado, aqu\u00ed encontrar\u00e1s el empuj\u00f3n que necesitas.<\/em><\/p>\n<h2>\u00bfC\u00f3mo funciona?<br \/>\n<\/h2>\n<p>Empezamos con una clase de prueba para conocernos y valorar tu nivel. A partir de ah\u00ed dise\u00f1amos juntos un plan adaptado a tus objetivos, tu ritmo y tu agenda. Sin libros de texto, sin metodolog\u00eda r\u00edgida. Solo espa\u00f1ol real.<\/p>\n<p>\t\t\t\t\t<a href=\"https:\/\/www.italki.com\/es\/teacher\/8806951\/spanish\"><br \/>\n\t\t\t\t\t\t\t\t\tRESERVA TU CLASE DE PRUEBA<br \/>\n\t\t\t\t\t<\/a><\/p>\n","protected":false},"excerpt":{"rendered":"<p>Hablemos en espa\u00f1ol Fil\u00f3loga con m\u00e1s de 20 a\u00f1os de experiencia. Especializada en niveles intermedios y avanzados: B1, B2 y C1. \u00bfQu\u00e9 trabajamos juntos? Conversaci\u00f3n. Habla con fluidez y confianza en cualquier situaci\u00f3n Gram\u00e1tica. Sin memorizar reglas, aprendiendo desde el uso real \u00bfPara qui\u00e9n son estas clases? Estas clases est\u00e1n pensadas para adultos que ya&hellip;&nbsp;<a href=\"https:\/\/spanishwithmaite.com\/index.php\/clases-de-espanol-conmigo\/\" rel=\"bookmark\">Leer m\u00e1s &raquo;<span class=\"screen-reader-text\">Clases de espa\u00f1ol conmigo<\/span><\/a><\/p>\n","protected":false},"author":1,"featured_media":0,"parent":0,"menu_order":0,"comment_status":"closed","ping_status":"closed","template":"","meta":{"neve_meta_sidebar":"","neve_meta_container":"","neve_meta_enable_content_width":"","neve_meta_content_width":0,"neve_meta_title_alignment":"","neve_meta_author_avatar":"","neve_post_elements_order":"","neve_meta_disable_header":"","neve_meta_disable_footer":"","neve_meta_disable_title":"","episode_type":"","audio_file":"","podmotor_file_id":"","podmotor_episode_id":"","cover_image":"","cover_image_id":"","duration":"","filesize":"","filesize_raw":"","date_recorded":"","explicit":"","block":"","itunes_episode_number":"","itunes_title":"","itunes_season_number":"","itunes_episode_type":"","footnotes":""},"class_list":["post-1790","page","type-page","status-publish","hentry"],"yoast_head":"<!-- This site is optimized with the Yoast SEO plugin v27.5 - https:\/\/yoast.com\/product\/yoast-seo-wordpress\/ -->\n<title>Clases de espa\u00f1ol conmigo - Espa&ntilde;ol con Maite<\/title>\n<meta name=\"robots\" content=\"index, follow, max-snippet:-1, max-image-preview:large, max-video-preview:-1\" \/>\n<link rel=\"canonical\" href=\"https:\/\/spanishwithmaite.com\/index.php\/clases-de-espanol-conmigo\/\" \/>\n<meta property=\"og:locale\" content=\"es_ES\" \/>\n<meta property=\"og:type\" content=\"article\" \/>\n<meta property=\"og:title\" content=\"Clases de espa\u00f1ol conmigo - Espa&ntilde;ol con Maite\" \/>\n<meta property=\"og:description\" content=\"Hablemos en espa\u00f1ol Fil\u00f3loga con m\u00e1s de 20 a\u00f1os de experiencia. Especializada en niveles intermedios y avanzados: B1, B2 y C1. \u00bfQu\u00e9 trabajamos juntos? Conversaci\u00f3n. Habla con fluidez y confianza en cualquier situaci\u00f3n Gram\u00e1tica. Sin memorizar reglas, aprendiendo desde el uso real \u00bfPara qui\u00e9n son estas clases? Estas clases est\u00e1n pensadas para adultos que ya&hellip;&nbsp;Leer m\u00e1s &raquo;Clases de espa\u00f1ol conmigo\" \/>\n<meta property=\"og:url\" content=\"https:\/\/spanishwithmaite.com\/index.php\/clases-de-espanol-conmigo\/\" \/>\n<meta property=\"og:site_name\" content=\"Espa&ntilde;ol con Maite\" \/>\n<meta property=\"article:modified_time\" content=\"2026-05-04T14:01:34+00:00\" \/>\n<meta name=\"twitter:card\" content=\"summary_large_image\" \/>\n<meta name=\"twitter:label1\" content=\"Tiempo de lectura\" \/>\n\t<meta name=\"twitter:data1\" content=\"1 minuto\" \/>\n<script type=\"application\/ld+json\" class=\"yoast-schema-graph\">{\"@context\":\"https:\\\/\\\/schema.org\",\"@graph\":[{\"@type\":\"WebPage\",\"@id\":\"https:\\\/\\\/spanishwithmaite.com\\\/index.php\\\/clases-de-espanol-conmigo\\\/\",\"url\":\"https:\\\/\\\/spanishwithmaite.com\\\/index.php\\\/clases-de-espanol-conmigo\\\/\",\"name\":\"Clases de espa\u00f1ol conmigo - Espa&ntilde;ol con Maite\",\"isPartOf\":{\"@id\":\"https:\\\/\\\/spanishwithmaite.com\\\/#website\"},\"datePublished\":\"2026-05-04T13:58:45+00:00\",\"dateModified\":\"2026-05-04T14:01:34+00:00\",\"breadcrumb\":{\"@id\":\"https:\\\/\\\/spanishwithmaite.com\\\/index.php\\\/clases-de-espanol-conmigo\\\/#breadcrumb\"},\"inLanguage\":\"es\",\"potentialAction\":[{\"@type\":\"ReadAction\",\"target\":[\"https:\\\/\\\/spanishwithmaite.com\\\/index.php\\\/clases-de-espanol-conmigo\\\/\"]}]},{\"@type\":\"BreadcrumbList\",\"@id\":\"https:\\\/\\\/spanishwithmaite.com\\\/index.php\\\/clases-de-espanol-conmigo\\\/#breadcrumb\",\"itemListElement\":[{\"@type\":\"ListItem\",\"position\":1,\"name\":\"Portada\",\"item\":\"https:\\\/\\\/spanishwithmaite.com\\\/\"},{\"@type\":\"ListItem\",\"position\":2,\"name\":\"Clases de espa\u00f1ol conmigo\"}]},{\"@type\":\"WebSite\",\"@id\":\"https:\\\/\\\/spanishwithmaite.com\\\/#website\",\"url\":\"https:\\\/\\\/spanishwithmaite.com\\\/\",\"name\":\"Espa&ntilde;ol con Maite\",\"description\":\"Blog para aprender y practicar espa&ntilde;ol\",\"publisher\":{\"@id\":\"https:\\\/\\\/spanishwithmaite.com\\\/#organization\"},\"potentialAction\":[{\"@type\":\"SearchAction\",\"target\":{\"@type\":\"EntryPoint\",\"urlTemplate\":\"https:\\\/\\\/spanishwithmaite.com\\\/?s={search_term_string}\"},\"query-input\":{\"@type\":\"PropertyValueSpecification\",\"valueRequired\":true,\"valueName\":\"search_term_string\"}}],\"inLanguage\":\"es\"},{\"@type\":\"Organization\",\"@id\":\"https:\\\/\\\/spanishwithmaite.com\\\/#organization\",\"name\":\"Espa&ntilde;ol con Maite\",\"url\":\"https:\\\/\\\/spanishwithmaite.com\\\/\",\"logo\":{\"@type\":\"ImageObject\",\"inLanguage\":\"es\",\"@id\":\"https:\\\/\\\/spanishwithmaite.com\\\/#\\\/schema\\\/logo\\\/image\\\/\",\"url\":\"https:\\\/\\\/spanishwithmaite.com\\\/wp-content\\\/uploads\\\/2022\\\/05\\\/Black-and-White-Minimalist-Initials-Logo-Template.png\",\"contentUrl\":\"https:\\\/\\\/spanishwithmaite.com\\\/wp-content\\\/uploads\\\/2022\\\/05\\\/Black-and-White-Minimalist-Initials-Logo-Template.png\",\"width\":500,\"height\":500,\"caption\":\"Espa&ntilde;ol con Maite\"},\"image\":{\"@id\":\"https:\\\/\\\/spanishwithmaite.com\\\/#\\\/schema\\\/logo\\\/image\\\/\"}}]}<\/script>\n<!-- \/ Yoast SEO plugin. -->","yoast_head_json":{"title":"Clases de espa\u00f1ol conmigo - Espa&ntilde;ol con Maite","robots":{"index":"index","follow":"follow","max-snippet":"max-snippet:-1","max-image-preview":"max-image-preview:large","max-video-preview":"max-video-preview:-1"},"canonical":"https:\/\/spanishwithmaite.com\/index.php\/clases-de-espanol-conmigo\/","og_locale":"es_ES","og_type":"article","og_title":"Clases de espa\u00f1ol conmigo - Espa&ntilde;ol con Maite","og_description":"Hablemos en espa\u00f1ol Fil\u00f3loga con m\u00e1s de 20 a\u00f1os de experiencia. Especializada en niveles intermedios y avanzados: B1, B2 y C1. \u00bfQu\u00e9 trabajamos juntos? Conversaci\u00f3n. Habla con fluidez y confianza en cualquier situaci\u00f3n Gram\u00e1tica. Sin memorizar reglas, aprendiendo desde el uso real \u00bfPara qui\u00e9n son estas clases? Estas clases est\u00e1n pensadas para adultos que ya&hellip;&nbsp;Leer m\u00e1s &raquo;Clases de espa\u00f1ol conmigo","og_url":"https:\/\/spanishwithmaite.com\/index.php\/clases-de-espanol-conmigo\/","og_site_name":"Espa&ntilde;ol con Maite","article_modified_time":"2026-05-04T14:01:34+00:00","twitter_card":"summary_large_image","twitter_misc":{"Tiempo de lectura":"1 minuto"},"schema":{"@context":"https:\/\/schema.org","@graph":[{"@type":"WebPage","@id":"https:\/\/spanishwithmaite.com\/index.php\/clases-de-espanol-conmigo\/","url":"https:\/\/spanishwithmaite.com\/index.php\/clases-de-espanol-conmigo\/","name":"Clases de espa\u00f1ol conmigo - Espa&ntilde;ol con Maite","isPartOf":{"@id":"https:\/\/spanishwithmaite.com\/#website"},"datePublished":"2026-05-04T13:58:45+00:00","dateModified":"2026-05-04T14:01:34+00:00","breadcrumb":{"@id":"https:\/\/spanishwithmaite.com\/index.php\/clases-de-espanol-conmigo\/#breadcrumb"},"inLanguage":"es","potentialAction":[{"@type":"ReadAction","target":["https:\/\/spanishwithmaite.com\/index.php\/clases-de-espanol-conmigo\/"]}]},{"@type":"BreadcrumbList","@id":"https:\/\/spanishwithmaite.com\/index.php\/clases-de-espanol-conmigo\/#breadcrumb","itemListElement":[{"@type":"ListItem","position":1,"name":"Portada","item":"https:\/\/spanishwithmaite.com\/"},{"@type":"ListItem","position":2,"name":"Clases de espa\u00f1ol conmigo"}]},{"@type":"WebSite","@id":"https:\/\/spanishwithmaite.com\/#website","url":"https:\/\/spanishwithmaite.com\/","name":"Espa&ntilde;ol con Maite","description":"Blog para aprender y practicar espa&ntilde;ol","publisher":{"@id":"https:\/\/spanishwithmaite.com\/#organization"},"potentialAction":[{"@type":"SearchAction","target":{"@type":"EntryPoint","urlTemplate":"https:\/\/spanishwithmaite.com\/?s={search_term_string}"},"query-input":{"@type":"PropertyValueSpecification","valueRequired":true,"valueName":"search_term_string"}}],"inLanguage":"es"},{"@type":"Organization","@id":"https:\/\/spanishwithmaite.com\/#organization","name":"Espa&ntilde;ol con Maite","url":"https:\/\/spanishwithmaite.com\/","logo":{"@type":"ImageObject","inLanguage":"es","@id":"https:\/\/spanishwithmaite.com\/#\/schema\/logo\/image\/","url":"https:\/\/spanishwithmaite.com\/wp-content\/uploads\/2022\/05\/Black-and-White-Minimalist-Initials-Logo-Template.png","contentUrl":"https:\/\/spanishwithmaite.com\/wp-content\/uploads\/2022\/05\/Black-and-White-Minimalist-Initials-Logo-Template.png","width":500,"height":500,"caption":"Espa&ntilde;ol con Maite"},"image":{"@id":"https:\/\/spanishwithmaite.com\/#\/schema\/logo\/image\/"}}]}},"_links":{"self":[{"href":"https:\/\/spanishwithmaite.com\/index.php\/wp-json\/wp\/v2\/pages\/1790","targetHints":{"allow":["GET"]}}],"collection":[{"href":"https:\/\/spanishwithmaite.com\/index.php\/wp-json\/wp\/v2\/pages"}],"about":[{"href":"https:\/\/spanishwithmaite.com\/index.php\/wp-json\/wp\/v2\/types\/page"}],"author":[{"embeddable":true,"href":"https:\/\/spanishwithmaite.com\/index.php\/wp-json\/wp\/v2\/users\/1"}],"replies":[{"embeddable":true,"href":"https:\/\/spanishwithmaite.com\/index.php\/wp-json\/wp\/v2\/comments?post=1790"}],"version-history":[{"count":16,"href":"https:\/\/spanishwithmaite.com\/index.php\/wp-json\/wp\/v2\/pages\/1790\/revisions"}],"predecessor-version":[{"id":1806,"href":"https:\/\/spanishwithmaite.com\/index.php\/wp-json\/wp\/v2\/pages\/1790\/revisions\/1806"}],"wp:attachment":[{"href":"https:\/\/spanishwithmaite.com\/index.php\/wp-json\/wp\/v2\/media?parent=1790"}],"curies":[{"name":"wp","href":"https:\/\/api.w.org\/{rel}","templated":true}]}}