{"id":251,"date":"2022-05-03T14:37:55","date_gmt":"2022-05-03T14:37:55","guid":{"rendered":"https:\/\/xn--espaolconmaite-tnb.com\/?page_id=251"},"modified":"2022-05-03T14:43:21","modified_gmt":"2022-05-03T14:43:21","slug":"politica-de-privacidad","status":"publish","type":"page","link":"https:\/\/spanishwithmaite.com\/index.php\/politica-de-privacidad\/","title":{"rendered":"Pol\u00edtica de privacidad"},"content":{"rendered":"\t\t<div data-elementor-type=\"wp-page\" data-elementor-id=\"251\" class=\"elementor elementor-251\">\n\t\t\t\t\t\t<section class=\"elementor-section elementor-top-section elementor-element elementor-element-98700fe elementor-section-boxed elementor-section-height-default elementor-section-height-default\" data-id=\"98700fe\" data-element_type=\"section\">\n\t\t\t\t\t\t<div class=\"elementor-container elementor-column-gap-default\">\n\t\t\t\t\t<div class=\"elementor-column elementor-col-100 elementor-top-column elementor-element elementor-element-a4553c3\" data-id=\"a4553c3\" data-element_type=\"column\">\n\t\t\t<div class=\"elementor-widget-wrap elementor-element-populated\">\n\t\t\t\t\t\t<div class=\"elementor-element elementor-element-1ff5710 elementor-widget elementor-widget-text-editor\" data-id=\"1ff5710\" data-element_type=\"widget\" data-widget_type=\"text-editor.default\">\n\t\t\t\t<div class=\"elementor-widget-container\">\n\t\t\t\t\t\t\t\t\t<div class=\"col-md-8 \"><main id=\"content\">\r\n<div class=\"row\">\r\n<div class=\"col-md-12\"><article id=\"entry-3\" class=\"entry post-3 page type-page status-publish hentry\">\r\n<div class=\"entry-content\">\r\n\r\nLa direcci\u00f3n de este blog es www.espa\u00f1olconmaite.com\r\n\r\nTe informamos que los datos de car\u00e1cter personal facilitados en los \u00a0formularios de la presente web se incorporar\u00e1n en un fichero de datos de car\u00e1cter personal con el fin de ser tratados para poder dar tr\u00e1mite a la solicitud de informaci\u00f3n que nos curses.\r\n\r\nEn consecuencia, al enviar tus datos aceptas que podamos enviarte, incluso por medios electr\u00f3nicos, aquella informaci\u00f3n o documentaci\u00f3n relativa a lo anterior, u otro tipo de documentaci\u00f3n que pudiera interesar a efectos de la relaci\u00f3n establecida, ya sea durante el tr\u00e1mite de dicha solicitud como a la terminaci\u00f3n de la misma.\r\n\r\nTe comunicamos que, al tratar tus datos, lo haremos, habiendo adoptado las medidas y niveles de seguridad de protecci\u00f3n de tus datos personales seg\u00fan las normas de obligado cumplimiento establecidas el Reglamento General de Protecci\u00f3n de Datos 2016\/679, v\u00e1lido a partir del 25 de Mayo de 2018 y su normativa complementaria y\/o desarrollo.\r\n\r\nEn todo caso, y dentro de lo establecido legalmente, podr\u00e1s ejercitar tus derechos ARCO (acceso, rectificaci\u00f3n, cancelaci\u00f3n y oposici\u00f3n), dirigi\u00e9ndote a Maite a trav\u00e9s del mail info@spanishwithmaite.com\r\n\r\nEspa\u00f1ol con Maite no cede datos a terceros. Cuando un usuario se da de baja queda inmediatamente registrada y no conservamos sus datos.\r\n\r\nEspa\u00f1ol con Maite no ser\u00e1 responsable por la informaci\u00f3n a terceros a los que el usuario de la web pueda tener acceso.\r\n\r\nEspa\u00f1ol con Maite no utiliza t\u00e9cnicas de \u00abSpaming\u00bb \u00a0y tampoco quedan registrados los usuarios por una mera visita a nuestra p\u00e1gina web.\r\n\r\nPROPIEDAD INTELECTUAL\r\n\r\nEl contenido de la p\u00e1gina web espa\u00f1olconmaite.com como son los textos, el logo, el dominio y su nombre comercial son propiedad de espa\u00f1olconmaite. Las im\u00e1genes y los textos de la p\u00e1gina son propiedad de espa\u00f1olconmaite y su blog. Queda totalmente prohibida la representaci\u00f3n y\/o reproducci\u00f3n y\/o explotaci\u00f3n parcial o total de los signos de la marca, en aplicaci\u00f3n de las disposiciones del C\u00f3digo de la Propiedad intelectual.\r\n\r\n<\/div>\r\n<div class=\"entry-sig\">\r\n\r\n&nbsp;\r\n\r\n<\/div>\r\n<\/article><\/div>\r\n<\/div>\r\n<\/main><\/div>\t\t\t\t\t\t\t\t<\/div>\n\t\t\t\t<\/div>\n\t\t\t\t\t<\/div>\n\t\t<\/div>\n\t\t\t\t\t<\/div>\n\t\t<\/section>\n\t\t\t\t<\/div>\n\t\t","protected":false},"excerpt":{"rendered":"<p>La direcci\u00f3n de este blog es www.espa\u00f1olconmaite.com Te informamos que los datos de car\u00e1cter personal facilitados en los \u00a0formularios de la presente web se incorporar\u00e1n en un fichero de datos de car\u00e1cter personal con el fin de ser tratados para poder dar tr\u00e1mite a la solicitud de informaci\u00f3n que nos curses. En consecuencia, al enviar&hellip;&nbsp;<a href=\"https:\/\/spanishwithmaite.com\/index.php\/politica-de-privacidad\/\" rel=\"bookmark\">Leer m\u00e1s &raquo;<span class=\"screen-reader-text\">Pol\u00edtica de privacidad<\/span><\/a><\/p>\n","protected":false},"author":1,"featured_media":0,"parent":0,"menu_order":0,"comment_status":"closed","ping_status":"closed","template":"","meta":{"neve_meta_sidebar":"","neve_meta_container":"","neve_meta_enable_content_width":"off","neve_meta_content_width":100,"neve_meta_title_alignment":"","neve_meta_author_avatar":"","neve_post_elements_order":"","neve_meta_disable_header":"","neve_meta_disable_footer":"","neve_meta_disable_title":"","episode_type":"","audio_file":"","cover_image":"","cover_image_id":"","duration":"","filesize":"","date_recorded":"","explicit":"","block":"","itunes_episode_number":"","itunes_title":"","itunes_season_number":"","itunes_episode_type":"","filesize_raw":"","footnotes":""},"class_list":["post-251","page","type-page","status-publish","hentry"],"yoast_head":"<!-- This site is optimized with the Yoast SEO plugin v25.0 - https:\/\/yoast.com\/wordpress\/plugins\/seo\/ -->\n<title>Pol\u00edtica de privacidad - Espa&ntilde;ol con Maite<\/title>\n<meta name=\"robots\" content=\"index, follow, max-snippet:-1, max-image-preview:large, max-video-preview:-1\" \/>\n<link rel=\"canonical\" href=\"https:\/\/spanishwithmaite.com\/index.php\/politica-de-privacidad\/\" \/>\n<meta property=\"og:locale\" content=\"es_ES\" \/>\n<meta property=\"og:type\" content=\"article\" \/>\n<meta property=\"og:title\" content=\"Pol\u00edtica de privacidad - Espa&ntilde;ol con Maite\" \/>\n<meta property=\"og:description\" content=\"La direcci\u00f3n de este blog es www.espa\u00f1olconmaite.com Te informamos que los datos de car\u00e1cter personal facilitados en los \u00a0formularios de la presente web se incorporar\u00e1n en un fichero de datos de car\u00e1cter personal con el fin de ser tratados para poder dar tr\u00e1mite a la solicitud de informaci\u00f3n que nos curses. En consecuencia, al enviar&hellip;&nbsp;Leer m\u00e1s &raquo;Pol\u00edtica de privacidad\" \/>\n<meta property=\"og:url\" content=\"https:\/\/spanishwithmaite.com\/index.php\/politica-de-privacidad\/\" \/>\n<meta property=\"og:site_name\" content=\"Espa&ntilde;ol con Maite\" \/>\n<meta property=\"article:modified_time\" content=\"2022-05-03T14:43:21+00:00\" \/>\n<meta name=\"twitter:card\" content=\"summary_large_image\" \/>\n<meta name=\"twitter:label1\" content=\"Tiempo de lectura\" \/>\n\t<meta name=\"twitter:data1\" content=\"2 minutos\" \/>\n<script type=\"application\/ld+json\" class=\"yoast-schema-graph\">{\"@context\":\"https:\/\/schema.org\",\"@graph\":[{\"@type\":\"WebPage\",\"@id\":\"https:\/\/spanishwithmaite.com\/index.php\/politica-de-privacidad\/\",\"url\":\"https:\/\/spanishwithmaite.com\/index.php\/politica-de-privacidad\/\",\"name\":\"Pol\u00edtica de privacidad - Espa&ntilde;ol con Maite\",\"isPartOf\":{\"@id\":\"https:\/\/spanishwithmaite.com\/#website\"},\"datePublished\":\"2022-05-03T14:37:55+00:00\",\"dateModified\":\"2022-05-03T14:43:21+00:00\",\"breadcrumb\":{\"@id\":\"https:\/\/spanishwithmaite.com\/index.php\/politica-de-privacidad\/#breadcrumb\"},\"inLanguage\":\"es\",\"potentialAction\":[{\"@type\":\"ReadAction\",\"target\":[\"https:\/\/spanishwithmaite.com\/index.php\/politica-de-privacidad\/\"]}]},{\"@type\":\"BreadcrumbList\",\"@id\":\"https:\/\/spanishwithmaite.com\/index.php\/politica-de-privacidad\/#breadcrumb\",\"itemListElement\":[{\"@type\":\"ListItem\",\"position\":1,\"name\":\"Portada\",\"item\":\"https:\/\/spanishwithmaite.com\/\"},{\"@type\":\"ListItem\",\"position\":2,\"name\":\"Pol\u00edtica de privacidad\"}]},{\"@type\":\"WebSite\",\"@id\":\"https:\/\/spanishwithmaite.com\/#website\",\"url\":\"https:\/\/spanishwithmaite.com\/\",\"name\":\"Espa&ntilde;ol con Maite\",\"description\":\"Blog para aprender y practicar espa&ntilde;ol\",\"publisher\":{\"@id\":\"https:\/\/spanishwithmaite.com\/#organization\"},\"potentialAction\":[{\"@type\":\"SearchAction\",\"target\":{\"@type\":\"EntryPoint\",\"urlTemplate\":\"https:\/\/spanishwithmaite.com\/?s={search_term_string}\"},\"query-input\":{\"@type\":\"PropertyValueSpecification\",\"valueRequired\":true,\"valueName\":\"search_term_string\"}}],\"inLanguage\":\"es\"},{\"@type\":\"Organization\",\"@id\":\"https:\/\/spanishwithmaite.com\/#organization\",\"name\":\"Espa&ntilde;ol con Maite\",\"url\":\"https:\/\/spanishwithmaite.com\/\",\"logo\":{\"@type\":\"ImageObject\",\"inLanguage\":\"es\",\"@id\":\"https:\/\/spanishwithmaite.com\/#\/schema\/logo\/image\/\",\"url\":\"https:\/\/spanishwithmaite.com\/wp-content\/uploads\/2022\/05\/Black-and-White-Minimalist-Initials-Logo-Template.png\",\"contentUrl\":\"https:\/\/spanishwithmaite.com\/wp-content\/uploads\/2022\/05\/Black-and-White-Minimalist-Initials-Logo-Template.png\",\"width\":500,\"height\":500,\"caption\":\"Espa&ntilde;ol con Maite\"},\"image\":{\"@id\":\"https:\/\/spanishwithmaite.com\/#\/schema\/logo\/image\/\"}}]}<\/script>\n<!-- \/ Yoast SEO plugin. -->","yoast_head_json":{"title":"Pol\u00edtica de privacidad - Espa&ntilde;ol con Maite","robots":{"index":"index","follow":"follow","max-snippet":"max-snippet:-1","max-image-preview":"max-image-preview:large","max-video-preview":"max-video-preview:-1"},"canonical":"https:\/\/spanishwithmaite.com\/index.php\/politica-de-privacidad\/","og_locale":"es_ES","og_type":"article","og_title":"Pol\u00edtica de privacidad - Espa&ntilde;ol con Maite","og_description":"La direcci\u00f3n de este blog es www.espa\u00f1olconmaite.com Te informamos que los datos de car\u00e1cter personal facilitados en los \u00a0formularios de la presente web se incorporar\u00e1n en un fichero de datos de car\u00e1cter personal con el fin de ser tratados para poder dar tr\u00e1mite a la solicitud de informaci\u00f3n que nos curses. En consecuencia, al enviar&hellip;&nbsp;Leer m\u00e1s &raquo;Pol\u00edtica de privacidad","og_url":"https:\/\/spanishwithmaite.com\/index.php\/politica-de-privacidad\/","og_site_name":"Espa&ntilde;ol con Maite","article_modified_time":"2022-05-03T14:43:21+00:00","twitter_card":"summary_large_image","twitter_misc":{"Tiempo de lectura":"2 minutos"},"schema":{"@context":"https:\/\/schema.org","@graph":[{"@type":"WebPage","@id":"https:\/\/spanishwithmaite.com\/index.php\/politica-de-privacidad\/","url":"https:\/\/spanishwithmaite.com\/index.php\/politica-de-privacidad\/","name":"Pol\u00edtica de privacidad - Espa&ntilde;ol con Maite","isPartOf":{"@id":"https:\/\/spanishwithmaite.com\/#website"},"datePublished":"2022-05-03T14:37:55+00:00","dateModified":"2022-05-03T14:43:21+00:00","breadcrumb":{"@id":"https:\/\/spanishwithmaite.com\/index.php\/politica-de-privacidad\/#breadcrumb"},"inLanguage":"es","potentialAction":[{"@type":"ReadAction","target":["https:\/\/spanishwithmaite.com\/index.php\/politica-de-privacidad\/"]}]},{"@type":"BreadcrumbList","@id":"https:\/\/spanishwithmaite.com\/index.php\/politica-de-privacidad\/#breadcrumb","itemListElement":[{"@type":"ListItem","position":1,"name":"Portada","item":"https:\/\/spanishwithmaite.com\/"},{"@type":"ListItem","position":2,"name":"Pol\u00edtica de privacidad"}]},{"@type":"WebSite","@id":"https:\/\/spanishwithmaite.com\/#website","url":"https:\/\/spanishwithmaite.com\/","name":"Espa&ntilde;ol con Maite","description":"Blog para aprender y practicar espa&ntilde;ol","publisher":{"@id":"https:\/\/spanishwithmaite.com\/#organization"},"potentialAction":[{"@type":"SearchAction","target":{"@type":"EntryPoint","urlTemplate":"https:\/\/spanishwithmaite.com\/?s={search_term_string}"},"query-input":{"@type":"PropertyValueSpecification","valueRequired":true,"valueName":"search_term_string"}}],"inLanguage":"es"},{"@type":"Organization","@id":"https:\/\/spanishwithmaite.com\/#organization","name":"Espa&ntilde;ol con Maite","url":"https:\/\/spanishwithmaite.com\/","logo":{"@type":"ImageObject","inLanguage":"es","@id":"https:\/\/spanishwithmaite.com\/#\/schema\/logo\/image\/","url":"https:\/\/spanishwithmaite.com\/wp-content\/uploads\/2022\/05\/Black-and-White-Minimalist-Initials-Logo-Template.png","contentUrl":"https:\/\/spanishwithmaite.com\/wp-content\/uploads\/2022\/05\/Black-and-White-Minimalist-Initials-Logo-Template.png","width":500,"height":500,"caption":"Espa&ntilde;ol con Maite"},"image":{"@id":"https:\/\/spanishwithmaite.com\/#\/schema\/logo\/image\/"}}]}},"_links":{"self":[{"href":"https:\/\/spanishwithmaite.com\/index.php\/wp-json\/wp\/v2\/pages\/251","targetHints":{"allow":["GET"]}}],"collection":[{"href":"https:\/\/spanishwithmaite.com\/index.php\/wp-json\/wp\/v2\/pages"}],"about":[{"href":"https:\/\/spanishwithmaite.com\/index.php\/wp-json\/wp\/v2\/types\/page"}],"author":[{"embeddable":true,"href":"https:\/\/spanishwithmaite.com\/index.php\/wp-json\/wp\/v2\/users\/1"}],"replies":[{"embeddable":true,"href":"https:\/\/spanishwithmaite.com\/index.php\/wp-json\/wp\/v2\/comments?post=251"}],"version-history":[{"count":7,"href":"https:\/\/spanishwithmaite.com\/index.php\/wp-json\/wp\/v2\/pages\/251\/revisions"}],"predecessor-version":[{"id":260,"href":"https:\/\/spanishwithmaite.com\/index.php\/wp-json\/wp\/v2\/pages\/251\/revisions\/260"}],"wp:attachment":[{"href":"https:\/\/spanishwithmaite.com\/index.php\/wp-json\/wp\/v2\/media?parent=251"}],"curies":[{"name":"wp","href":"https:\/\/api.w.org\/{rel}","templated":true}]}}